{"id":2,"date":"2024-06-19T15:30:27","date_gmt":"2024-06-19T13:30:27","guid":{"rendered":"http:\/\/nathankegreisz.fr\/?page_id=2"},"modified":"2024-06-25T17:39:22","modified_gmt":"2024-06-25T15:39:22","slug":"mon-cv","status":"publish","type":"page","link":"https:\/\/nathankegreisz.fr\/?page_id=2","title":{"rendered":"Mon CV"},"content":{"rendered":"\n<div class=\"wp-block-group\"><div class=\"wp-block-group__inner-container is-layout-constrained wp-block-group-is-layout-constrained\">\n<div class=\"wp-block-group\"><div class=\"wp-block-group__inner-container is-layout-constrained wp-block-group-is-layout-constrained\">\n<div class=\"wp-block-columns is-layout-flex wp-container-core-columns-is-layout-9d6595d7 wp-block-columns-is-layout-flex\">\n<div class=\"wp-block-column is-layout-flow wp-block-column-is-layout-flow\" style=\"flex-basis:100%\">\n<div class=\"wp-block-group\"><div class=\"wp-block-group__inner-container is-layout-constrained wp-block-group-is-layout-constrained\">\n<div class=\"wp-block-columns are-vertically-aligned-top is-layout-flex wp-container-core-columns-is-layout-9d6595d7 wp-block-columns-is-layout-flex\">\n<div class=\"wp-block-column is-layout-flow wp-block-column-is-layout-flow\" style=\"flex-basis:33.33%\"><div class=\"wp-block-image is-style-default wp-duotone-unset-1\">\n<figure class=\"alignleft size-full is-resized\"><img loading=\"lazy\" decoding=\"async\" width=\"306\" height=\"287\" src=\"https:\/\/nathankegreisz.fr\/wp-content\/uploads\/2024\/06\/nate-CV.JPG.png\" alt=\"\" class=\"wp-image-35\" style=\"width:244px;height:auto\" srcset=\"https:\/\/nathankegreisz.fr\/wp-content\/uploads\/2024\/06\/nate-CV.JPG.png 306w, https:\/\/nathankegreisz.fr\/wp-content\/uploads\/2024\/06\/nate-CV.JPG-300x281.png 300w\" sizes=\"(max-width: 306px) 100vw, 306px\" \/><\/figure>\n<\/div><\/div>\n\n\n\n<div class=\"wp-block-column is-layout-flow wp-block-column-is-layout-flow\" style=\"flex-basis:66.66%\">\n<div class=\"wp-block-columns is-layout-flex wp-container-core-columns-is-layout-9d6595d7 wp-block-columns-is-layout-flex\">\n<div class=\"wp-block-column is-layout-flow wp-block-column-is-layout-flow\">\n<h2 class=\"wp-block-heading has-x-large-font-size\" style=\"text-transform:capitalize\">nathan<\/h2>\n\n\n\n<h2 class=\"wp-block-heading has-x-large-font-size\" style=\"text-transform:uppercase\">KEGREISZ<\/h2>\n<\/div>\n<\/div>\n<\/div>\n<\/div>\n<\/div><\/div>\n<\/div>\n<\/div>\n<\/div><\/div>\n<\/div><\/div>\n\n\n\n<h2 class=\"wp-block-heading has-text-align-center has-black-color has-text-color has-link-color has-x-large-font-size wp-elements-ebb8b10b6d17143b712140adedf5311b\" style=\"text-decoration:underline\">Licence Informatique<\/h2>\n\n\n\n<p class=\"has-text-align-center has-black-color has-text-color has-link-color has-medium-font-size wp-elements-499e5a6fe3937bebbdf2b04c6167a198\">Lyc\u00e9en g\u00e9n\u00e9rale, passionn\u00e9 par l&#8217;informatique je souhaite rejoindre un IUT ou un dipl\u00f4me d&#8217;ing\u00e9nieur en vue de me pr\u00e9parer pour la vie professionnelle.<\/p>\n\n\n\n<div class=\"wp-block-columns is-layout-flex wp-container-core-columns-is-layout-9d6595d7 wp-block-columns-is-layout-flex\">\n<div class=\"wp-block-column is-layout-flow wp-block-column-is-layout-flow\"><\/div>\n<\/div>\n\n\n\n<div class=\"wp-block-columns is-layout-flex wp-container-core-columns-is-layout-9d6595d7 wp-block-columns-is-layout-flex\">\n<div class=\"wp-block-column is-layout-flow wp-block-column-is-layout-flow\">\n<p class=\"has-black-color has-text-color has-link-color has-large-font-size wp-elements-b0b52e42307887e62e40ba25d59a213d\"><strong>Dipl\u00f4mes &amp;<\/strong> <\/p>\n\n\n\n<p class=\"has-black-color has-text-color has-link-color has-large-font-size wp-elements-894da5a5281eb52b5e2e5be6c61c85e6\"><strong>Formations<\/strong><\/p>\n\n\n\n<p class=\"has-black-color has-text-color has-link-color has-medium-font-size wp-elements-4bcd0c7cef9164fccb0915265d736ef8\"><strong>Terminale g\u00e9n\u00e9rale<\/strong><\/p>\n\n\n\n<p class=\"has-black-color has-text-color has-link-color has-small-font-size wp-elements-479cc28c8c86c8a24609e2acb5394c28\">De&nbsp;septembre 2025 \u00e0&nbsp;juin 2026<\/p>\n\n\n\n<p class=\"has-black-color has-text-color has-link-color has-small-font-size wp-elements-f1892f88e10139184e45248d780d15f3\">Lyc\u00e9e Edmond Michelet \u00e0 Arpajon<\/p>\n\n\n\n<p class=\"has-black-color has-text-color has-link-color has-small-font-size wp-elements-fa521e20ccebe3b674202f52c76d8a66\">Sp\u00e9cialit\u00e9s : NSI et Math\u00e9matiques<br>Option : Maths Expertes<\/p>\n\n\n\n<p class=\"has-black-color has-text-color has-link-color has-medium-font-size wp-elements-df66bf4083903c2e7d549ff67c1b2ace\"><strong>Dipl\u00f4me national du brevet<\/strong><\/p>\n\n\n\n<p class=\"has-black-color has-text-color has-link-color has-small-font-size wp-elements-d7507720fec715bce97ac2ce2497d89a\">2023<\/p>\n\n\n\n<p class=\"has-black-color has-text-color has-link-color has-small-font-size wp-elements-d6dc4ed5d20cfc6da9635577ffed3425\">Mention Bien <\/p>\n\n\n\n<p class=\"has-black-color has-text-color has-link-color has-small-font-size wp-elements-0b556cafbf3457dc79a761db5df2064e\">Coll\u00e8ge Emmanuel Alzon : Institution du Sacr\u00e9 Coeur (ISC)<\/p>\n<\/div>\n\n\n\n<div class=\"wp-block-column is-layout-flow wp-block-column-is-layout-flow\">\n<p class=\"has-black-color has-text-color has-link-color has-large-font-size wp-elements-4c95391bc321d05090bcc2bba81b185d\"><strong>Expr\u00e9riences <\/strong><\/p>\n\n\n\n<p class=\"has-black-color has-text-color has-link-color has-medium-font-size wp-elements-30d6aaa4c875a0d7423c0273ba39a632\"><strong>Stage d&#8217;entreprise au service de Kaufman<\/strong><\/p>\n\n\n\n<p class=\"has-black-color has-text-color has-link-color wp-elements-5bc4880931b7f06849a369d6c2e2249a\">2023<\/p>\n\n\n\n<ul class=\"has-black-color has-text-color has-link-color wp-block-list wp-elements-24d852891fe85e17dc5fc0d4ec5f3e3e\">\n<li class=\"has-small-font-size\">Pendant une semaine<\/li>\n\n\n\n<li class=\"has-small-font-size\">D\u00e9couverte de plusieurs m\u00e9tiers<\/li>\n<\/ul>\n\n\n\n<p class=\"has-black-color has-text-color has-link-color has-medium-font-size wp-elements-51fbd167020acdd6535d1465b0ecaef7\"><strong>Stage chez Visiativ<\/strong><\/p>\n\n\n\n<p class=\"has-black-color has-text-color has-link-color wp-elements-0e3ea51a287c9cf14fbf751b5608a58c\">2024<\/p>\n\n\n\n<ul class=\"wp-block-list\">\n<li class=\"has-small-font-size\">Pendant 2 semaines<\/li>\n\n\n\n<li class=\"has-small-font-size\">Apprentissage du langage de requ\u00eate SQL<\/li>\n\n\n\n<li class=\"has-small-font-size\">D\u00e9couverte du HTML5 et de la CSS<\/li>\n\n\n\n<li class=\"has-small-font-size\">Mise en place d&#8217;un site internet<\/li>\n<\/ul>\n<\/div>\n<\/div>\n","protected":false},"excerpt":{"rendered":"<p>nathan KEGREISZ Licence Informatique Lyc\u00e9en g\u00e9n\u00e9rale, passionn\u00e9 par l&#8217;informatique je souhaite rejoindre un IUT ou un dipl\u00f4me d&#8217;ing\u00e9nieur en vue de me pr\u00e9parer pour la vie professionnelle. Dipl\u00f4mes &amp; Formations Terminale g\u00e9n\u00e9rale De&nbsp;septembre 2025 \u00e0&nbsp;juin 2026 Lyc\u00e9e Edmond Michelet \u00e0 Arpajon Sp\u00e9cialit\u00e9s : NSI et Math\u00e9matiquesOption : Maths Expertes Dipl\u00f4me national du brevet 2023 Mention [&hellip;]<\/p>\n","protected":false},"author":1,"featured_media":0,"parent":0,"menu_order":0,"comment_status":"closed","ping_status":"closed","template":"","meta":{"saved_in_kubio":false,"footnotes":""},"class_list":["post-2","page","type-page","status-publish","hentry"],"kubio_ai_page_context":{"short_desc":"","purpose":"general"},"_links":{"self":[{"href":"https:\/\/nathankegreisz.fr\/index.php?rest_route=\/wp\/v2\/pages\/2","targetHints":{"allow":["GET"]}}],"collection":[{"href":"https:\/\/nathankegreisz.fr\/index.php?rest_route=\/wp\/v2\/pages"}],"about":[{"href":"https:\/\/nathankegreisz.fr\/index.php?rest_route=\/wp\/v2\/types\/page"}],"author":[{"embeddable":true,"href":"https:\/\/nathankegreisz.fr\/index.php?rest_route=\/wp\/v2\/users\/1"}],"replies":[{"embeddable":true,"href":"https:\/\/nathankegreisz.fr\/index.php?rest_route=%2Fwp%2Fv2%2Fcomments&post=2"}],"version-history":[{"count":31,"href":"https:\/\/nathankegreisz.fr\/index.php?rest_route=\/wp\/v2\/pages\/2\/revisions"}],"predecessor-version":[{"id":73,"href":"https:\/\/nathankegreisz.fr\/index.php?rest_route=\/wp\/v2\/pages\/2\/revisions\/73"}],"wp:attachment":[{"href":"https:\/\/nathankegreisz.fr\/index.php?rest_route=%2Fwp%2Fv2%2Fmedia&parent=2"}],"curies":[{"name":"wp","href":"https:\/\/api.w.org\/{rel}","templated":true}]}}