{"id":9,"date":"2024-06-19T16:41:46","date_gmt":"2024-06-19T14:41:46","guid":{"rendered":"http:\/\/nathankegreisz.fr\/?page_id=9"},"modified":"2024-06-25T17:36:48","modified_gmt":"2024-06-25T15:36:48","slug":"les-echecs","status":"publish","type":"page","link":"https:\/\/nathankegreisz.fr\/?page_id=9","title":{"rendered":"Les \u00e9checs"},"content":{"rendered":"\n<div class=\"wp-block-columns is-layout-flex wp-container-core-columns-is-layout-9d6595d7 wp-block-columns-is-layout-flex\">\n<div class=\"wp-block-column is-layout-flow wp-block-column-is-layout-flow\" style=\"flex-basis:25%\">\n<h2 class=\"wp-block-heading\">Pendant une partie d&#8217;\u00e9checs \u00e0 Arpajon<\/h2>\n<\/div>\n\n\n\n<div class=\"wp-block-column is-layout-flow wp-block-column-is-layout-flow\" style=\"flex-basis:50%\">\n<figure class=\"wp-block-image size-large is-resized\"><img loading=\"lazy\" decoding=\"async\" width=\"683\" height=\"1024\" src=\"http:\/\/nathankegreisz.fr\/wp-content\/uploads\/2024\/06\/nate-aux-echecs-683x1024.jpg\" alt=\"\" class=\"wp-image-12\" style=\"width:244px;height:auto\" srcset=\"https:\/\/nathankegreisz.fr\/wp-content\/uploads\/2024\/06\/nate-aux-echecs-683x1024.jpg 683w, https:\/\/nathankegreisz.fr\/wp-content\/uploads\/2024\/06\/nate-aux-echecs-200x300.jpg 200w, https:\/\/nathankegreisz.fr\/wp-content\/uploads\/2024\/06\/nate-aux-echecs-768x1152.jpg 768w, https:\/\/nathankegreisz.fr\/wp-content\/uploads\/2024\/06\/nate-aux-echecs-1024x1536.jpg 1024w, https:\/\/nathankegreisz.fr\/wp-content\/uploads\/2024\/06\/nate-aux-echecs.jpg 1365w\" sizes=\"(max-width: 683px) 100vw, 683px\" \/><\/figure>\n<\/div>\n\n\n\n<div class=\"wp-block-column is-layout-flow wp-block-column-is-layout-flow\" style=\"flex-basis:25%\">\n<p>J&#8217;ai rejoint le club d&#8217;Arpajon le 27 d\u00e9cembre 2023<\/p>\n\n\n\n<p><a href=\"https:\/\/ratings.fide.com\/profile\/527004155\" target=\"_blank\" rel=\"noreferrer noopener\">Lien vers chess international<\/a><\/p>\n<\/div>\n<\/div>\n","protected":false},"excerpt":{"rendered":"<p>Pendant une partie d&#8217;\u00e9checs \u00e0 Arpajon J&#8217;ai rejoint le club d&#8217;Arpajon le 27 d\u00e9cembre 2023 Lien vers chess international<\/p>\n","protected":false},"author":1,"featured_media":0,"parent":0,"menu_order":0,"comment_status":"closed","ping_status":"closed","template":"","meta":{"saved_in_kubio":false,"footnotes":""},"class_list":["post-9","page","type-page","status-publish","hentry"],"kubio_ai_page_context":{"short_desc":"","purpose":"general"},"_links":{"self":[{"href":"https:\/\/nathankegreisz.fr\/index.php?rest_route=\/wp\/v2\/pages\/9","targetHints":{"allow":["GET"]}}],"collection":[{"href":"https:\/\/nathankegreisz.fr\/index.php?rest_route=\/wp\/v2\/pages"}],"about":[{"href":"https:\/\/nathankegreisz.fr\/index.php?rest_route=\/wp\/v2\/types\/page"}],"author":[{"embeddable":true,"href":"https:\/\/nathankegreisz.fr\/index.php?rest_route=\/wp\/v2\/users\/1"}],"replies":[{"embeddable":true,"href":"https:\/\/nathankegreisz.fr\/index.php?rest_route=%2Fwp%2Fv2%2Fcomments&post=9"}],"version-history":[{"count":13,"href":"https:\/\/nathankegreisz.fr\/index.php?rest_route=\/wp\/v2\/pages\/9\/revisions"}],"predecessor-version":[{"id":70,"href":"https:\/\/nathankegreisz.fr\/index.php?rest_route=\/wp\/v2\/pages\/9\/revisions\/70"}],"wp:attachment":[{"href":"https:\/\/nathankegreisz.fr\/index.php?rest_route=%2Fwp%2Fv2%2Fmedia&parent=9"}],"curies":[{"name":"wp","href":"https:\/\/api.w.org\/{rel}","templated":true}]}}